{"id":3651,"date":"2024-12-19T13:35:32","date_gmt":"2024-12-19T13:35:32","guid":{"rendered":"https:\/\/gecomax.ee\/ota-yhteytta\/"},"modified":"2025-09-22T15:08:06","modified_gmt":"2025-09-22T15:08:06","slug":"ota-yhteytta","status":"publish","type":"page","link":"https:\/\/gecomax.ee\/fi\/ota-yhteytta\/","title":{"rendered":"Ota yhteytt\u00e4"},"content":{"rendered":"\t\t<div data-elementor-type=\"wp-page\" data-elementor-id=\"3651\" class=\"elementor elementor-3651 elementor-1250\" data-elementor-post-type=\"page\">\n\t\t\t\t\t\t<section class=\"elementor-section elementor-top-section elementor-element elementor-element-31cd9d40 elementor-section-full_width elementor-section-height-default elementor-section-height-default\" data-id=\"31cd9d40\" data-element_type=\"section\" data-e-type=\"section\">\n\t\t\t\t\t\t<div class=\"elementor-container elementor-column-gap-default\">\n\t\t\t\t\t<div class=\"elementor-column elementor-col-100 elementor-top-column elementor-element elementor-element-11d50ee2\" data-id=\"11d50ee2\" data-element_type=\"column\" data-e-type=\"column\" data-settings=\"{&quot;background_background&quot;:&quot;classic&quot;}\">\n\t\t\t<div class=\"elementor-widget-wrap elementor-element-populated\">\n\t\t\t\t\t<div class=\"elementor-background-overlay\"><\/div>\n\t\t\t\t\t\t<section class=\"elementor-section elementor-inner-section elementor-element elementor-element-4f2d595 elementor-section-boxed elementor-section-height-default elementor-section-height-default\" data-id=\"4f2d595\" data-element_type=\"section\" data-e-type=\"section\">\n\t\t\t\t\t\t<div class=\"elementor-container elementor-column-gap-default\">\n\t\t\t\t\t<div class=\"elementor-column elementor-col-100 elementor-inner-column elementor-element elementor-element-486c11ec\" data-id=\"486c11ec\" data-element_type=\"column\" data-e-type=\"column\">\n\t\t\t<div class=\"elementor-widget-wrap elementor-element-populated\">\n\t\t\t\t\t\t<div class=\"elementor-element elementor-element-7a973c19 elementor-invisible elementor-widget elementor-widget-jkit_heading\" data-id=\"7a973c19\" data-element_type=\"widget\" data-e-type=\"widget\" data-settings=\"{&quot;_animation&quot;:&quot;fadeInUp&quot;}\" data-widget_type=\"jkit_heading.default\">\n\t\t\t\t<div class=\"elementor-widget-container\">\n\t\t\t\t\t<div  class=\"jeg-elementor-kit jkit-heading  align-left align-tablet-left align-mobile- jeg_module___69f3138f4da72\" ><div class=\"heading-section-title  display-inline-block\"><h1 class=\"heading-title\">Ota <span class=\"style-color\"><span>yhteytt\u00e4<\/span><\/span><\/h1><\/div><\/div>\t\t\t\t<\/div>\n\t\t\t\t<\/div>\n\t\t\t\t\t<\/div>\n\t\t<\/div>\n\t\t\t\t\t<\/div>\n\t\t<\/section>\n\t\t\t\t\t<\/div>\n\t\t<\/div>\n\t\t\t\t\t<\/div>\n\t\t<\/section>\n\t\t<div class=\"elementor-element elementor-element-ea4dee1 e-flex e-con-boxed e-con e-parent\" data-id=\"ea4dee1\" data-element_type=\"container\" data-e-type=\"container\" data-settings=\"{&quot;background_background&quot;:&quot;classic&quot;}\">\n\t\t\t\t\t<div class=\"e-con-inner\">\n\t\t<div class=\"elementor-element elementor-element-7a252b4 e-con-full e-flex e-con e-child\" data-id=\"7a252b4\" data-element_type=\"container\" data-e-type=\"container\">\n\t\t\t\t<div class=\"elementor-element elementor-element-1d1cb11 jkit-equal-height-disable elementor-widget elementor-widget-jkit_icon_box\" data-id=\"1d1cb11\" data-element_type=\"widget\" data-e-type=\"widget\" data-widget_type=\"jkit_icon_box.default\">\n\t\t\t\t<div class=\"elementor-widget-container\">\n\t\t\t\t\t<div  class=\"jeg-elementor-kit jkit-icon-box icon-position-bottom elementor-animation- jeg_module__1_69f3138f50e18\" ><div class=\"jkit-icon-box-wrapper hover-from-left\"><div class=\"icon-box icon-box-header elementor-animation-\"><div class=\"icon style-color\"><\/div><\/div><div class=\"icon-box icon-box-body\">\n                <h4 class=\"title\">Gecomax O\u00dc<\/h4><p class=\"icon-box-description\">Puhdastila <br><br>\n\ninfo@gecomax.com <br>\n+372 516 8277 <br>\nTreiali tee 1, Peetri, Viro <br>\nRek.nro: 16533483 <br>\nKMKR-nro: EE102540387\n<\/p><div class=\"icon-box-button \">\n                <div class=\"btn-wrapper icon-position-after\">\n                    <a href=\"\/fi\/puhdas-huone\/\" class=\"icon-box-link\" aria-label=\"Lue lis\u00e4\u00e4\">Lue lis\u00e4\u00e4<svg viewBox=\"0 0 320 512\" xmlns=\"http:\/\/www.w3.org\/2000\/svg\"><path d=\"M285.476 272.971L91.132 467.314c-9.373 9.373-24.569 9.373-33.941 0l-22.667-22.667c-9.357-9.357-9.375-24.522-.04-33.901L188.505 256 34.484 101.255c-9.335-9.379-9.317-24.544.04-33.901l22.667-22.667c9.373-9.373 24.569-9.373 33.941 0L285.475 239.03c9.373 9.372 9.373 24.568.001 33.941z\"><\/path><\/svg><\/a>\n                <\/div>\n            <\/div>\n            <\/div>\n            \n            <\/div><\/div>\t\t\t\t<\/div>\n\t\t\t\t<\/div>\n\t\t\t\t<\/div>\n\t\t<div class=\"elementor-element elementor-element-484b4a5 e-con-full e-flex e-con e-child\" data-id=\"484b4a5\" data-element_type=\"container\" data-e-type=\"container\">\n\t\t\t\t<div class=\"elementor-element elementor-element-e990204 elementor-position-right elementor-vertical-align-top elementor-widget elementor-widget-image-box\" data-id=\"e990204\" data-element_type=\"widget\" data-e-type=\"widget\" data-widget_type=\"image-box.default\">\n\t\t\t\t<div class=\"elementor-widget-container\">\n\t\t\t\t\t<div class=\"elementor-image-box-wrapper\"><figure class=\"elementor-image-box-img\"><img fetchpriority=\"high\" decoding=\"async\" width=\"1662\" height=\"2560\" src=\"https:\/\/gecomax.ee\/wp-content\/uploads\/2025\/01\/Eike-Pauls-scaled.jpg\" class=\"attachment-full size-full wp-image-3652\" alt=\"\" srcset=\"https:\/\/gecomax.ee\/wp-content\/uploads\/2025\/01\/Eike-Pauls-scaled.jpg 1662w, https:\/\/gecomax.ee\/wp-content\/uploads\/2025\/01\/Eike-Pauls-195x300.jpg 195w, https:\/\/gecomax.ee\/wp-content\/uploads\/2025\/01\/Eike-Pauls-665x1024.jpg 665w, https:\/\/gecomax.ee\/wp-content\/uploads\/2025\/01\/Eike-Pauls-768x1183.jpg 768w, https:\/\/gecomax.ee\/wp-content\/uploads\/2025\/01\/Eike-Pauls-997x1536.jpg 997w, https:\/\/gecomax.ee\/wp-content\/uploads\/2025\/01\/Eike-Pauls-1330x2048.jpg 1330w\" sizes=\"(max-width: 1662px) 100vw, 1662px\" \/><\/figure><div class=\"elementor-image-box-content\"><h3 class=\"elementor-image-box-title\">Eike Pauls<\/h3><p class=\"elementor-image-box-description\">Teknologiap\u00e4\u00e4llikk\u00f6 &amp; Myynti<br><a href=\"tel:+3725168277\">+372 516 8277<\/a><br><a href=\"mailto:eike.pauls@gecomax.com\">eike.pauls@gecomax.com<\/a><br>\n<\/p><\/div><\/div>\t\t\t\t<\/div>\n\t\t\t\t<\/div>\n\t\t\t\t<div class=\"elementor-element elementor-element-98c9dfc elementor-position-right elementor-vertical-align-middle elementor-widget elementor-widget-image-box\" data-id=\"98c9dfc\" data-element_type=\"widget\" data-e-type=\"widget\" data-widget_type=\"image-box.default\">\n\t\t\t\t<div class=\"elementor-widget-container\">\n\t\t\t\t\t<div class=\"elementor-image-box-wrapper\"><figure class=\"elementor-image-box-img\"><img decoding=\"async\" width=\"240\" height=\"257\" src=\"https:\/\/gecomax.ee\/wp-content\/uploads\/2025\/09\/gecomax_tootaja.jpg\" class=\"attachment-full size-full wp-image-3655\" alt=\"\" \/><\/figure><div class=\"elementor-image-box-content\"><h3 class=\"elementor-image-box-title\">Margus Kaldmets<\/h3><p class=\"elementor-image-box-description\">Ostop\u00e4\u00e4llikk\u00f6<br><a href=\"tel:+3725248295\">+372 524 8295 (EST, RUS)<\/a><br><a href=\"tel:+358458527588\">+358 45 852 7588 (FIN)<\/a><br><a href=\"mailto:margus.kaldmets@gecomax.com\">margus.kaldmets@gecomax.com<\/a><br><\/p><\/div><\/div>\t\t\t\t<\/div>\n\t\t\t\t<\/div>\n\t\t\t\t<\/div>\n\t\t\t\t\t<\/div>\n\t\t\t\t<\/div>\n\t\t<div class=\"elementor-element elementor-element-69cf81f e-flex e-con-boxed e-con e-parent\" data-id=\"69cf81f\" data-element_type=\"container\" data-e-type=\"container\" data-settings=\"{&quot;background_background&quot;:&quot;classic&quot;}\">\n\t\t\t\t\t<div class=\"e-con-inner\">\n\t\t<div class=\"elementor-element elementor-element-4a688cf e-con-full e-flex e-con e-child\" data-id=\"4a688cf\" data-element_type=\"container\" data-e-type=\"container\">\n\t\t\t\t<div class=\"elementor-element elementor-element-46c382c jkit-equal-height-disable elementor-widget elementor-widget-jkit_icon_box\" data-id=\"46c382c\" data-element_type=\"widget\" data-e-type=\"widget\" data-widget_type=\"jkit_icon_box.default\">\n\t\t\t\t<div class=\"elementor-widget-container\">\n\t\t\t\t\t<div  class=\"jeg-elementor-kit jkit-icon-box icon-position-bottom elementor-animation- jeg_module__2_69f3138f533be\" ><div class=\"jkit-icon-box-wrapper hover-from-left\"><div class=\"icon-box icon-box-header elementor-animation-\"><div class=\"icon style-color\"><\/div><\/div><div class=\"icon-box icon-box-body\">\n                <h4 class=\"title\">Gecomax Production O\u00dc<\/h4><p class=\"icon-box-description\">Tuotanto <br><br>\n\ninfo-production@gecomax.com <br>\n+372 516 8277 <br>\nTreiali tee 1, Peetri, Viro <br>\nRek.nro: 12277089 <br>\nKMKR-nro: EE101536062\n<\/p><div class=\"icon-box-button \">\n                <div class=\"btn-wrapper icon-position-after\">\n                    <a href=\"\/fi\/tuotanto\/\" class=\"icon-box-link\" aria-label=\"Lue lis\u00e4\u00e4\">Lue lis\u00e4\u00e4<svg viewBox=\"0 0 320 512\" xmlns=\"http:\/\/www.w3.org\/2000\/svg\"><path d=\"M285.476 272.971L91.132 467.314c-9.373 9.373-24.569 9.373-33.941 0l-22.667-22.667c-9.357-9.357-9.375-24.522-.04-33.901L188.505 256 34.484 101.255c-9.335-9.379-9.317-24.544.04-33.901l22.667-22.667c9.373-9.373 24.569-9.373 33.941 0L285.475 239.03c9.373 9.372 9.373 24.568.001 33.941z\"><\/path><\/svg><\/a>\n                <\/div>\n            <\/div>\n            <\/div>\n            \n            <\/div><\/div>\t\t\t\t<\/div>\n\t\t\t\t<\/div>\n\t\t\t\t<\/div>\n\t\t<div class=\"elementor-element elementor-element-5e94d6a e-con-full e-flex e-con e-child\" data-id=\"5e94d6a\" data-element_type=\"container\" data-e-type=\"container\">\n\t\t\t\t<div class=\"elementor-element elementor-element-a520d0d elementor-position-right elementor-vertical-align-top elementor-widget elementor-widget-image-box\" data-id=\"a520d0d\" data-element_type=\"widget\" data-e-type=\"widget\" data-widget_type=\"image-box.default\">\n\t\t\t\t<div class=\"elementor-widget-container\">\n\t\t\t\t\t<div class=\"elementor-image-box-wrapper\"><figure class=\"elementor-image-box-img\"><img decoding=\"async\" width=\"1897\" height=\"2560\" src=\"https:\/\/gecomax.ee\/wp-content\/uploads\/2025\/01\/Erkki-Voort-scaled.jpg\" class=\"attachment-full size-full wp-image-3653\" alt=\"\" srcset=\"https:\/\/gecomax.ee\/wp-content\/uploads\/2025\/01\/Erkki-Voort-scaled.jpg 1897w, https:\/\/gecomax.ee\/wp-content\/uploads\/2025\/01\/Erkki-Voort-222x300.jpg 222w, https:\/\/gecomax.ee\/wp-content\/uploads\/2025\/01\/Erkki-Voort-759x1024.jpg 759w, https:\/\/gecomax.ee\/wp-content\/uploads\/2025\/01\/Erkki-Voort-768x1036.jpg 768w, https:\/\/gecomax.ee\/wp-content\/uploads\/2025\/01\/Erkki-Voort-1138x1536.jpg 1138w, https:\/\/gecomax.ee\/wp-content\/uploads\/2025\/01\/Erkki-Voort-1518x2048.jpg 1518w\" sizes=\"(max-width: 1897px) 100vw, 1897px\" \/><\/figure><div class=\"elementor-image-box-content\"><h3 class=\"elementor-image-box-title\">Erkki Voort<\/h3><p class=\"elementor-image-box-description\">Markkinointi &amp; Myynti<br><a href=\"tel:+3725186126\">+372 518 6126<\/a><br><a href=\"mailto:erkki@gecomax.ee\">erkki@gecomax.ee<\/a><br>\n<\/p><\/div><\/div>\t\t\t\t<\/div>\n\t\t\t\t<\/div>\n\t\t\t\t<div class=\"elementor-element elementor-element-18dc2de elementor-position-right elementor-vertical-align-top elementor-widget elementor-widget-image-box\" data-id=\"18dc2de\" data-element_type=\"widget\" data-e-type=\"widget\" data-widget_type=\"image-box.default\">\n\t\t\t\t<div class=\"elementor-widget-container\">\n\t\t\t\t\t<div class=\"elementor-image-box-wrapper\"><figure class=\"elementor-image-box-img\"><img loading=\"lazy\" decoding=\"async\" width=\"1832\" height=\"2560\" src=\"https:\/\/gecomax.ee\/wp-content\/uploads\/2025\/01\/Kuno-Kutsen-scaled.jpg\" class=\"attachment-full size-full wp-image-3654\" alt=\"\" srcset=\"https:\/\/gecomax.ee\/wp-content\/uploads\/2025\/01\/Kuno-Kutsen-scaled.jpg 1832w, https:\/\/gecomax.ee\/wp-content\/uploads\/2025\/01\/Kuno-Kutsen-215x300.jpg 215w, https:\/\/gecomax.ee\/wp-content\/uploads\/2025\/01\/Kuno-Kutsen-733x1024.jpg 733w, https:\/\/gecomax.ee\/wp-content\/uploads\/2025\/01\/Kuno-Kutsen-768x1073.jpg 768w, https:\/\/gecomax.ee\/wp-content\/uploads\/2025\/01\/Kuno-Kutsen-1099x1536.jpg 1099w, https:\/\/gecomax.ee\/wp-content\/uploads\/2025\/01\/Kuno-Kutsen-1466x2048.jpg 1466w\" sizes=\"(max-width: 1832px) 100vw, 1832px\" \/><\/figure><div class=\"elementor-image-box-content\"><h3 class=\"elementor-image-box-title\">Kuno K\u00fctsen<\/h3><p class=\"elementor-image-box-description\">Ostop\u00e4\u00e4llikk\u00f6<br><a href=\"tel:+3725109692\">+372 510 9692<\/a><br><a href=\"mailto:kuno@gecomax.ee\">kuno@gecomax.ee<\/a><br>\n<\/p><\/div><\/div>\t\t\t\t<\/div>\n\t\t\t\t<\/div>\n\t\t\t\t<\/div>\n\t\t\t\t\t<\/div>\n\t\t\t\t<\/div>\n\t\t\t\t<\/div>\n\t\t","protected":false},"excerpt":{"rendered":"<p>Ota yhteytt\u00e4 Gecomax O\u00dc Puhdastila info@gecomax.com +372 516 8277 Treiali tee 1, Peetri, Viro Rek.nro: 16533483 KMKR-nro: EE102540387 Lue lis\u00e4\u00e4 Eike Pauls Teknologiap\u00e4\u00e4llikk\u00f6 &amp; Myynti+372 516 8277eike.pauls@gecomax.com Margus Kaldmets Ostop\u00e4\u00e4llikk\u00f6+372 524 8295 (EST, RUS)+358 45 852 7588 (FIN)margus.kaldmets@gecomax.com Gecomax Production O\u00dc Tuotanto info-production@gecomax.com +372 516 8277 Treiali tee 1, Peetri, Viro Rek.nro: 12277089 KMKR-nro: EE101536062 [&hellip;]<\/p>\n","protected":false},"author":3,"featured_media":0,"parent":0,"menu_order":0,"comment_status":"closed","ping_status":"closed","template":"elementor_header_footer","meta":{"_acf_changed":false,"footnotes":""},"class_list":["post-3651","page","type-page","status-publish","hentry"],"acf":[],"yoast_head":"<!-- This site is optimized with the Yoast SEO plugin v27.5 - https:\/\/yoast.com\/product\/yoast-seo-wordpress\/ -->\n<title>Ota yhteytt\u00e4 | Gecomax<\/title>\n<meta name=\"description\" content=\"Kysy kysymyksi\u00e4 tai pyyd\u00e4 tarjous. Tiimimme voi auttaa sinua ensimm\u00e4isest\u00e4 konsultoinnista projektisi onnistuneeseen loppuun saattamiseen.\" \/>\n<meta name=\"robots\" content=\"index, follow, max-snippet:-1, max-image-preview:large, max-video-preview:-1\" \/>\n<link rel=\"canonical\" href=\"https:\/\/gecomax.ee\/fi\/ota-yhteytta\/\" \/>\n<meta property=\"og:locale\" content=\"fi_FI\" \/>\n<meta property=\"og:type\" content=\"article\" \/>\n<meta property=\"og:title\" content=\"Ota yhteytt\u00e4 | Gecomax\" \/>\n<meta property=\"og:description\" content=\"Kysy kysymyksi\u00e4 tai pyyd\u00e4 tarjous. Tiimimme voi auttaa sinua ensimm\u00e4isest\u00e4 konsultoinnista projektisi onnistuneeseen loppuun saattamiseen.\" \/>\n<meta property=\"og:url\" content=\"https:\/\/gecomax.ee\/fi\/ota-yhteytta\/\" \/>\n<meta property=\"og:site_name\" content=\"Gecomax\" \/>\n<meta property=\"article:modified_time\" content=\"2025-09-22T15:08:06+00:00\" \/>\n<meta property=\"og:image\" content=\"https:\/\/gecomax.ee\/wp-content\/uploads\/2025\/01\/Eike-Pauls-scaled.jpg\" \/>\n\t<meta property=\"og:image:width\" content=\"1662\" \/>\n\t<meta property=\"og:image:height\" content=\"2560\" \/>\n\t<meta property=\"og:image:type\" content=\"image\/jpeg\" \/>\n<meta name=\"twitter:card\" content=\"summary_large_image\" \/>\n<meta name=\"twitter:label1\" content=\"Arvioitu lukuaika\" \/>\n\t<meta name=\"twitter:data1\" content=\"2 minuuttia\" \/>\n<script type=\"application\/ld+json\" class=\"yoast-schema-graph\">{\"@context\":\"https:\\\/\\\/schema.org\",\"@graph\":[{\"@type\":\"WebPage\",\"@id\":\"https:\\\/\\\/gecomax.ee\\\/fi\\\/ota-yhteytta\\\/\",\"url\":\"https:\\\/\\\/gecomax.ee\\\/fi\\\/ota-yhteytta\\\/\",\"name\":\"Ota yhteytt\u00e4 | Gecomax\",\"isPartOf\":{\"@id\":\"https:\\\/\\\/gecomax.ee\\\/#website\"},\"primaryImageOfPage\":{\"@id\":\"https:\\\/\\\/gecomax.ee\\\/fi\\\/ota-yhteytta\\\/#primaryimage\"},\"image\":{\"@id\":\"https:\\\/\\\/gecomax.ee\\\/fi\\\/ota-yhteytta\\\/#primaryimage\"},\"thumbnailUrl\":\"https:\\\/\\\/gecomax.ee\\\/wp-content\\\/uploads\\\/2025\\\/01\\\/Eike-Pauls-scaled.jpg\",\"datePublished\":\"2024-12-19T13:35:32+00:00\",\"dateModified\":\"2025-09-22T15:08:06+00:00\",\"description\":\"Kysy kysymyksi\u00e4 tai pyyd\u00e4 tarjous. Tiimimme voi auttaa sinua ensimm\u00e4isest\u00e4 konsultoinnista projektisi onnistuneeseen loppuun saattamiseen.\",\"breadcrumb\":{\"@id\":\"https:\\\/\\\/gecomax.ee\\\/fi\\\/ota-yhteytta\\\/#breadcrumb\"},\"inLanguage\":\"fi\",\"potentialAction\":[{\"@type\":\"ReadAction\",\"target\":[\"https:\\\/\\\/gecomax.ee\\\/fi\\\/ota-yhteytta\\\/\"]}]},{\"@type\":\"ImageObject\",\"inLanguage\":\"fi\",\"@id\":\"https:\\\/\\\/gecomax.ee\\\/fi\\\/ota-yhteytta\\\/#primaryimage\",\"url\":\"https:\\\/\\\/gecomax.ee\\\/wp-content\\\/uploads\\\/2025\\\/01\\\/Eike-Pauls-scaled.jpg\",\"contentUrl\":\"https:\\\/\\\/gecomax.ee\\\/wp-content\\\/uploads\\\/2025\\\/01\\\/Eike-Pauls-scaled.jpg\"},{\"@type\":\"BreadcrumbList\",\"@id\":\"https:\\\/\\\/gecomax.ee\\\/fi\\\/ota-yhteytta\\\/#breadcrumb\",\"itemListElement\":[{\"@type\":\"ListItem\",\"position\":1,\"name\":\"Home\",\"item\":\"https:\\\/\\\/gecomax.ee\\\/fi\\\/\"},{\"@type\":\"ListItem\",\"position\":2,\"name\":\"Ota yhteytt\u00e4\"}]},{\"@type\":\"WebSite\",\"@id\":\"https:\\\/\\\/gecomax.ee\\\/#website\",\"url\":\"https:\\\/\\\/gecomax.ee\\\/\",\"name\":\"Gecomax\",\"description\":\"\",\"publisher\":{\"@id\":\"https:\\\/\\\/gecomax.ee\\\/#organization\"},\"potentialAction\":[{\"@type\":\"SearchAction\",\"target\":{\"@type\":\"EntryPoint\",\"urlTemplate\":\"https:\\\/\\\/gecomax.ee\\\/?s={search_term_string}\"},\"query-input\":{\"@type\":\"PropertyValueSpecification\",\"valueRequired\":true,\"valueName\":\"search_term_string\"}}],\"inLanguage\":\"fi\"},{\"@type\":\"Organization\",\"@id\":\"https:\\\/\\\/gecomax.ee\\\/#organization\",\"name\":\"Gecomax\",\"url\":\"https:\\\/\\\/gecomax.ee\\\/\",\"logo\":{\"@type\":\"ImageObject\",\"inLanguage\":\"fi\",\"@id\":\"https:\\\/\\\/gecomax.ee\\\/#\\\/schema\\\/logo\\\/image\\\/\",\"url\":\"https:\\\/\\\/gecomax.ee\\\/wp-content\\\/uploads\\\/2024\\\/11\\\/GecomaX_Logo.png\",\"contentUrl\":\"https:\\\/\\\/gecomax.ee\\\/wp-content\\\/uploads\\\/2024\\\/11\\\/GecomaX_Logo.png\",\"width\":2291,\"height\":400,\"caption\":\"Gecomax\"},\"image\":{\"@id\":\"https:\\\/\\\/gecomax.ee\\\/#\\\/schema\\\/logo\\\/image\\\/\"}}]}<\/script>\n<!-- \/ Yoast SEO plugin. -->","yoast_head_json":{"title":"Ota yhteytt\u00e4 | Gecomax","description":"Kysy kysymyksi\u00e4 tai pyyd\u00e4 tarjous. Tiimimme voi auttaa sinua ensimm\u00e4isest\u00e4 konsultoinnista projektisi onnistuneeseen loppuun saattamiseen.","robots":{"index":"index","follow":"follow","max-snippet":"max-snippet:-1","max-image-preview":"max-image-preview:large","max-video-preview":"max-video-preview:-1"},"canonical":"https:\/\/gecomax.ee\/fi\/ota-yhteytta\/","og_locale":"fi_FI","og_type":"article","og_title":"Ota yhteytt\u00e4 | Gecomax","og_description":"Kysy kysymyksi\u00e4 tai pyyd\u00e4 tarjous. Tiimimme voi auttaa sinua ensimm\u00e4isest\u00e4 konsultoinnista projektisi onnistuneeseen loppuun saattamiseen.","og_url":"https:\/\/gecomax.ee\/fi\/ota-yhteytta\/","og_site_name":"Gecomax","article_modified_time":"2025-09-22T15:08:06+00:00","og_image":[{"width":1662,"height":2560,"url":"https:\/\/gecomax.ee\/wp-content\/uploads\/2025\/01\/Eike-Pauls-scaled.jpg","type":"image\/jpeg"}],"twitter_card":"summary_large_image","twitter_misc":{"Arvioitu lukuaika":"2 minuuttia"},"schema":{"@context":"https:\/\/schema.org","@graph":[{"@type":"WebPage","@id":"https:\/\/gecomax.ee\/fi\/ota-yhteytta\/","url":"https:\/\/gecomax.ee\/fi\/ota-yhteytta\/","name":"Ota yhteytt\u00e4 | Gecomax","isPartOf":{"@id":"https:\/\/gecomax.ee\/#website"},"primaryImageOfPage":{"@id":"https:\/\/gecomax.ee\/fi\/ota-yhteytta\/#primaryimage"},"image":{"@id":"https:\/\/gecomax.ee\/fi\/ota-yhteytta\/#primaryimage"},"thumbnailUrl":"https:\/\/gecomax.ee\/wp-content\/uploads\/2025\/01\/Eike-Pauls-scaled.jpg","datePublished":"2024-12-19T13:35:32+00:00","dateModified":"2025-09-22T15:08:06+00:00","description":"Kysy kysymyksi\u00e4 tai pyyd\u00e4 tarjous. Tiimimme voi auttaa sinua ensimm\u00e4isest\u00e4 konsultoinnista projektisi onnistuneeseen loppuun saattamiseen.","breadcrumb":{"@id":"https:\/\/gecomax.ee\/fi\/ota-yhteytta\/#breadcrumb"},"inLanguage":"fi","potentialAction":[{"@type":"ReadAction","target":["https:\/\/gecomax.ee\/fi\/ota-yhteytta\/"]}]},{"@type":"ImageObject","inLanguage":"fi","@id":"https:\/\/gecomax.ee\/fi\/ota-yhteytta\/#primaryimage","url":"https:\/\/gecomax.ee\/wp-content\/uploads\/2025\/01\/Eike-Pauls-scaled.jpg","contentUrl":"https:\/\/gecomax.ee\/wp-content\/uploads\/2025\/01\/Eike-Pauls-scaled.jpg"},{"@type":"BreadcrumbList","@id":"https:\/\/gecomax.ee\/fi\/ota-yhteytta\/#breadcrumb","itemListElement":[{"@type":"ListItem","position":1,"name":"Home","item":"https:\/\/gecomax.ee\/fi\/"},{"@type":"ListItem","position":2,"name":"Ota yhteytt\u00e4"}]},{"@type":"WebSite","@id":"https:\/\/gecomax.ee\/#website","url":"https:\/\/gecomax.ee\/","name":"Gecomax","description":"","publisher":{"@id":"https:\/\/gecomax.ee\/#organization"},"potentialAction":[{"@type":"SearchAction","target":{"@type":"EntryPoint","urlTemplate":"https:\/\/gecomax.ee\/?s={search_term_string}"},"query-input":{"@type":"PropertyValueSpecification","valueRequired":true,"valueName":"search_term_string"}}],"inLanguage":"fi"},{"@type":"Organization","@id":"https:\/\/gecomax.ee\/#organization","name":"Gecomax","url":"https:\/\/gecomax.ee\/","logo":{"@type":"ImageObject","inLanguage":"fi","@id":"https:\/\/gecomax.ee\/#\/schema\/logo\/image\/","url":"https:\/\/gecomax.ee\/wp-content\/uploads\/2024\/11\/GecomaX_Logo.png","contentUrl":"https:\/\/gecomax.ee\/wp-content\/uploads\/2024\/11\/GecomaX_Logo.png","width":2291,"height":400,"caption":"Gecomax"},"image":{"@id":"https:\/\/gecomax.ee\/#\/schema\/logo\/image\/"}}]}},"_links":{"self":[{"href":"https:\/\/gecomax.ee\/fi\/wp-json\/wp\/v2\/pages\/3651","targetHints":{"allow":["GET"]}}],"collection":[{"href":"https:\/\/gecomax.ee\/fi\/wp-json\/wp\/v2\/pages"}],"about":[{"href":"https:\/\/gecomax.ee\/fi\/wp-json\/wp\/v2\/types\/page"}],"author":[{"embeddable":true,"href":"https:\/\/gecomax.ee\/fi\/wp-json\/wp\/v2\/users\/3"}],"replies":[{"embeddable":true,"href":"https:\/\/gecomax.ee\/fi\/wp-json\/wp\/v2\/comments?post=3651"}],"version-history":[{"count":9,"href":"https:\/\/gecomax.ee\/fi\/wp-json\/wp\/v2\/pages\/3651\/revisions"}],"predecessor-version":[{"id":3807,"href":"https:\/\/gecomax.ee\/fi\/wp-json\/wp\/v2\/pages\/3651\/revisions\/3807"}],"wp:attachment":[{"href":"https:\/\/gecomax.ee\/fi\/wp-json\/wp\/v2\/media?parent=3651"}],"curies":[{"name":"wp","href":"https:\/\/api.w.org\/{rel}","templated":true}]}}